{"id":26,"date":"2024-01-29T10:27:01","date_gmt":"2024-01-29T10:27:01","guid":{"rendered":"https:\/\/pachnacecynamonem.pl\/?page_id=26"},"modified":"2024-02-09T23:08:26","modified_gmt":"2024-02-09T23:08:26","slug":"wspolpraca-medialna","status":"publish","type":"page","link":"https:\/\/pachnacecynamonem.pl\/index.php\/wspolpraca-medialna\/","title":{"rendered":"Wsp\u00f3\u0142praca Medialna"},"content":{"rendered":"\n<p>Bardzo ch\u0119tnie podejm\u0119 wsp\u00f3\u0142prac\u0119 promocyjn\u0105 lub patronack\u0105 przy ksi\u0105\u017ckach z gatunku horroru, klasyk\u00f3w grozy, literatury pi\u0119knej a tak\u017ce weird fiction.<\/p>\n\n\n\n<p>Ka\u017cda ze wsp\u00f3\u0142prac jest omawiana indywidualnie i ch\u0119tnie dostosuj\u0119 si\u0119 do wymaga\u0144 i potrzeb.<\/p>\n\n\n\n<p>Do tej pory mam na koncie wsp\u00f3\u0142prace z wydawnictwami takimi jak Zysk i S-ka, Mova, Vesper, Grupa Wydawnicza Relacja, Muza, W.A.B., Albatros oraz Wydawnictwo S\u0142owne.<br><br>Chcesz zareklamowa\u0107 u mnie co\u015b innego poza ksi\u0105\u017ckami jak na przyk\u0142ad swoje klimatyczne r\u0119kodzie\u0142o? Napisz!<\/p>\n\n\n\n<p>Zapraszam do kontaktu!<\/p>\n\n\n\n<p><a href=\"mailto:paulinazakostowicz@gmail.com\">Napisz do mnie<\/a><\/p>\n","protected":false},"excerpt":{"rendered":"<p>Bardzo ch\u0119tnie podejm\u0119 wsp\u00f3\u0142prac\u0119 promocyjn\u0105 lub patronack\u0105 przy ksi\u0105\u017ckach z gatunku horroru, klasyk\u00f3w grozy, literatury pi\u0119knej a tak\u017ce weird fiction. Ka\u017cda ze wsp\u00f3\u0142prac jest omawiana indywidualnie i ch\u0119tnie dostosuj\u0119 si\u0119 do wymaga\u0144 i potrzeb. Do tej pory mam na koncie wsp\u00f3\u0142prace z wydawnictwami takimi jak Zysk i S-ka, Mova, Vesper, Grupa Wydawnicza Relacja, Muza, W.A.B.,&#8230;<\/p>\n","protected":false},"author":1,"featured_media":0,"parent":0,"menu_order":0,"comment_status":"closed","ping_status":"closed","template":"","meta":{"_eb_attr":"","footnotes":""},"class_list":["post-26","page","type-page","status-publish","hentry"],"_links":{"self":[{"href":"https:\/\/pachnacecynamonem.pl\/index.php\/wp-json\/wp\/v2\/pages\/26","targetHints":{"allow":["GET"]}}],"collection":[{"href":"https:\/\/pachnacecynamonem.pl\/index.php\/wp-json\/wp\/v2\/pages"}],"about":[{"href":"https:\/\/pachnacecynamonem.pl\/index.php\/wp-json\/wp\/v2\/types\/page"}],"author":[{"embeddable":true,"href":"https:\/\/pachnacecynamonem.pl\/index.php\/wp-json\/wp\/v2\/users\/1"}],"replies":[{"embeddable":true,"href":"https:\/\/pachnacecynamonem.pl\/index.php\/wp-json\/wp\/v2\/comments?post=26"}],"version-history":[{"count":3,"href":"https:\/\/pachnacecynamonem.pl\/index.php\/wp-json\/wp\/v2\/pages\/26\/revisions"}],"predecessor-version":[{"id":336,"href":"https:\/\/pachnacecynamonem.pl\/index.php\/wp-json\/wp\/v2\/pages\/26\/revisions\/336"}],"wp:attachment":[{"href":"https:\/\/pachnacecynamonem.pl\/index.php\/wp-json\/wp\/v2\/media?parent=26"}],"curies":[{"name":"wp","href":"https:\/\/api.w.org\/{rel}","templated":true}]}}