{"id":3,"date":"2024-01-14T11:28:20","date_gmt":"2024-01-14T11:28:20","guid":{"rendered":"http:\/\/pachnacecynamonem.pl\/?page_id=3"},"modified":"2026-04-27T09:07:51","modified_gmt":"2026-04-27T09:07:51","slug":"privacy-policy","status":"publish","type":"page","link":"https:\/\/pachnacecynamonem.pl\/index.php\/privacy-policy\/","title":{"rendered":"Privacy Policy"},"content":{"rendered":"\n<h1 class=\"wp-block-heading\">Polityka prywatno\u015bci<\/h1>\n\n\n\n<p>W dniu 25 maja 2018 roku zacz\u0119\u0142o obowi\u0105zywa\u0107 Rozporz\u0105dzenie Parlamentu Europejskiego i Rady (UE) 2016\/679 z dnia 27 kwietnia 2016 r. (RODO). Potrzebujemy Twojej zgody na przetwarzanie danych osobowych przechowywanych w plikach cookies. Poni\u017cej zamieszczamy pe\u0142ny zakres informacji na ten temat.<\/p>\n\n\n\n<h3 class=\"wp-block-heading\">Jakie dane b\u0119d\u0105 przetwarzane?<\/h3>\n\n\n\n<p>S\u0105 to dane osobowe, kt\u00f3re s\u0105 zbierane w ramach korzystania z tego serwisu i jego funkcji, w tym zapisywanych w plikach cookies, kt\u00f3re s\u0105 instalowane na naszych stronach przez nas oraz wsp\u00f3\u0142pracuj\u0105cych z nami partner\u00f3w.<\/p>\n\n\n\n<h3 class=\"wp-block-heading\">Kto b\u0119dzie administratorem Twoich danych?<\/h3>\n\n\n\n<p>Administratorami Twoich danych osobowych b\u0119dzie Paulina Z., a tak\u017ce jej partnerzy, czyli firmy i inne podmioty, z kt\u00f3rymi wsp\u00f3\u0142pracuje w zakresie marketingowym, operacyjnym lub technologicznym.<\/p>\n\n\n\n<h3 class=\"wp-block-heading\">W jakim dane b\u0119d\u0105 przetwarzane?<\/h3>\n\n\n\n<ul class=\"wp-block-list\">\n<li>Dokonywanie pomiar\u00f3w, kt\u00f3re pozwalaj\u0105 nam udoskonala\u0107 oferowane us\u0142ugi i sprawi\u0107, \u017ce b\u0119d\u0105 maksymalnie odpowiada\u0107 Twoim potrzebom,<\/li>\n\n\n\n<li>Prowadzenie systemu komentarzy i obs\u0142uga formularzy kontaktowych,<\/li>\n\n\n\n<li>Zabezpieczenie przed spamem, hakerami i robotami.<\/li>\n<\/ul>\n\n\n\n<h3 class=\"wp-block-heading\">Komu dane mog\u0105 by\u0107 przekazywane?<\/h3>\n\n\n\n<p>Dane mog\u0105 by\u0107 przekazywane podmiotom przetwarzaj\u0105cym dane osobowe na zlecenie pachnacecynamonem.pl m.in. dostawcom us\u0142ug IT, agencjom marketingowym, firmom badawczym, partnerom handlowym \u2013 przy czym takie podmioty przetwarzaj\u0105 dane na podstawie umowy z administratorem i wy\u0142\u0105cznie zgodnie z wydanymi poleceniami.<\/p>\n\n\n\n<p>List\u0119 partner\u00f3w zamieszczamy poni\u017cej:<\/p>\n\n\n\n<ul class=\"wp-block-list\">\n<li>Google \u2014 analiza ruchu i zabezpieczenia antyspamowe reCAPTCHA<\/li>\n<\/ul>\n\n\n\n<h3 class=\"wp-block-heading\">Jakimi prawami dysponujesz?<\/h3>\n\n\n\n<p>W zwi\u0105zku z przetwarzaniem Twoich danych osobowych dysponujesz nast\u0119puj\u0105cymi prawami:<\/p>\n\n\n\n<ul class=\"wp-block-list\">\n<li>Masz dost\u0119p do Twoich danych, w tym uzyskania kopii danych,<\/li>\n\n\n\n<li>Masz prawo \u017c\u0105dania sprostowania danych,<\/li>\n\n\n\n<li>Mo\u017cesz wnioskowa\u0107 o usuni\u0119cie danych (w okre\u015blonych sytuacjach),<\/li>\n\n\n\n<li>Mo\u017cesz wnie\u015b\u0107 skarg\u0119 do organu nadzorczego zajmuj\u0105cego si\u0119 ochron\u0105 danych osobowych,<\/li>\n\n\n\n<li>Masz prawo do ograniczenia przetwarzania danych,<\/li>\n\n\n\n<li>Mo\u017cesz wycofa\u0107 zgody w zakresie, w jakim s\u0105 przetwarzane na tej podstawie,<\/li>\n\n\n\n<li>Masz prawo do przenoszenia danych osobowych.<\/li>\n<\/ul>\n\n\n\n<p>Aby skorzysta\u0107 ze swoich praw, skontaktuj si\u0119 z nami, pisz\u0105c na adres:&nbsp;<em>paulinazakostowicz@gmail.com<\/em><\/p>\n\n\n\n<h3 class=\"wp-block-heading\">Pliki cookies, logi serwera i inne technologie<\/h3>\n\n\n\n<p>Pliki cookies (ciasteczka) s\u0105 przechowywane na Twoim urz\u0105dzeniu. Dost\u0119p do informacji w nich zawartych jest wykorzystywany w celach statystycznych, w celach marketingowych (remarketing) oraz w celu zapewnienia prawid\u0142owego dzia\u0142ania serwisu.<\/p>\n\n\n\n<p>Masz mo\u017cliwo\u015b\u0107 takiej konfiguracji przegl\u0105darki internetowej, kt\u00f3ra uniemo\u017cliwia przechowywanie plik\u00f3w cookies na Twoim urz\u0105dzeniu. Utrudni to jednak dzia\u0142anie niekt\u00f3rych funkcji serwisu. Poni\u017cej znajdziesz list\u0119 przegl\u0105darek. Klikni\u0119cie nazw\u0119 przegl\u0105darki, z kt\u00f3rej korzystasz, przeniesie Ci\u0119 do strony z instrukcjami dotycz\u0105cymi zarz\u0105dzania ustawieniami cookies.<\/p>\n\n\n\n<ul class=\"wp-block-list\">\n<li><a href=\"http:\/\/support.google.com\/chrome\/bin\/answer.py?hl=pl&amp;answer=95647\" target=\"_blank\" rel=\"noreferrer noopener\">Chrome<\/a><\/li>\n\n\n\n<li><a href=\"http:\/\/support.mozilla.org\/pl\/kb\/W%C5%82%C4%85czanie%20i%20wy%C5%82%C4%85czanie%20obs%C5%82ugi%20ciasteczek\" target=\"_blank\" rel=\"noreferrer noopener\">Firefox<\/a><\/li>\n\n\n\n<li><a href=\"https:\/\/support.microsoft.com\/pl-pl\/help\/10607\/microsoft-edge-view-delete-browser-history\" target=\"_blank\" rel=\"noreferrer noopener\">Edge<\/a><\/li>\n\n\n\n<li><a href=\"http:\/\/support.apple.com\/kb\/PH5042\" target=\"_blank\" rel=\"noreferrer noopener\">Safari<\/a><\/li>\n\n\n\n<li><a href=\"https:\/\/help.opera.com\/pl\/latest\/security-and-privacy\/\" target=\"_blank\" rel=\"noreferrer noopener\">Opera<\/a><\/li>\n<\/ul>\n\n\n\n<p>Urz\u0105dzenia mobile (smartfony, tablety):<\/p>\n\n\n\n<ul class=\"wp-block-list\">\n<li><a href=\"http:\/\/support.google.com\/chrome\/bin\/answer.py?hl=pl&amp;answer=95647\" target=\"_blank\" rel=\"noreferrer noopener\">Android<\/a><\/li>\n\n\n\n<li><a href=\"http:\/\/support.apple.com\/kb\/HT1677?viewlocale=pl_PL\" target=\"_blank\" rel=\"noreferrer noopener\">Safari<\/a><\/li>\n<\/ul>\n\n\n\n<p>Korzystanie przez Ciebie z serwisu Pachnacecynamonem.pl, wi\u0105\u017ce si\u0119 z przesy\u0142aniem zapyta\u0144 do serwera. S\u0105 to dane obejmuj\u0105ce m.in. adres IP, a tak\u017ce informacje o przegl\u0105darce internetowej i systemie operacyjnym. Dane te nie s\u0105 kojarzone z konkretnymi osobami korzystaj\u0105cymi z Pachnacecynamonem.pl. S\u0142u\u017c\u0105 one jedynie bardziej efektywnemu administrowaniu stron\u0105.<\/p>\n\n\n\n<p>Serwis wykorzystuje r\u00f3wnie\u017c inne technologie, kt\u00f3re \u015bledz\u0105 dzia\u0142ania u\u017cytkownika: statystyki Google Analytics, zabezpieczenia antyspamowe reCAPTCHA, wsparcie technologii Gravatar oraz wtyczki spo\u0142eczno\u015bciowe Facebooka. Informacje na temat ich polityki prywatno\u015bci mo\u017cna znale\u017a\u0107 na nast\u0119puj\u0105cych stronach:<\/p>\n\n\n\n<ul class=\"wp-block-list\">\n<li>Google \u2013&nbsp;<a href=\"https:\/\/policies.google.com\/privacy\">https:\/\/<\/a><a href=\"https:\/\/policies.google.com\/privacy\" target=\"_blank\" rel=\"noreferrer noopener\">policies<\/a><a href=\"https:\/\/policies.google.com\/privacy\">.google.com\/privacy<\/a><\/li>\n<\/ul>\n","protected":false},"excerpt":{"rendered":"<p>Polityka prywatno\u015bci W dniu 25 maja 2018 roku zacz\u0119\u0142o obowi\u0105zywa\u0107 Rozporz\u0105dzenie Parlamentu Europejskiego i Rady (UE) 2016\/679 z dnia 27 kwietnia 2016 r. (RODO). Potrzebujemy Twojej zgody na przetwarzanie danych osobowych przechowywanych w plikach cookies. Poni\u017cej zamieszczamy pe\u0142ny zakres informacji na ten temat. Jakie dane b\u0119d\u0105 przetwarzane? S\u0105 to dane osobowe, kt\u00f3re s\u0105 zbierane w&#8230;<\/p>\n","protected":false},"author":1,"featured_media":0,"parent":0,"menu_order":0,"comment_status":"closed","ping_status":"open","template":"","meta":{"_eb_attr":"","footnotes":""},"class_list":["post-3","page","type-page","status-publish","hentry"],"_links":{"self":[{"href":"https:\/\/pachnacecynamonem.pl\/index.php\/wp-json\/wp\/v2\/pages\/3","targetHints":{"allow":["GET"]}}],"collection":[{"href":"https:\/\/pachnacecynamonem.pl\/index.php\/wp-json\/wp\/v2\/pages"}],"about":[{"href":"https:\/\/pachnacecynamonem.pl\/index.php\/wp-json\/wp\/v2\/types\/page"}],"author":[{"embeddable":true,"href":"https:\/\/pachnacecynamonem.pl\/index.php\/wp-json\/wp\/v2\/users\/1"}],"replies":[{"embeddable":true,"href":"https:\/\/pachnacecynamonem.pl\/index.php\/wp-json\/wp\/v2\/comments?post=3"}],"version-history":[{"count":2,"href":"https:\/\/pachnacecynamonem.pl\/index.php\/wp-json\/wp\/v2\/pages\/3\/revisions"}],"predecessor-version":[{"id":857,"href":"https:\/\/pachnacecynamonem.pl\/index.php\/wp-json\/wp\/v2\/pages\/3\/revisions\/857"}],"wp:attachment":[{"href":"https:\/\/pachnacecynamonem.pl\/index.php\/wp-json\/wp\/v2\/media?parent=3"}],"curies":[{"name":"wp","href":"https:\/\/api.w.org\/{rel}","templated":true}]}}