{"id":32,"date":"2024-01-29T10:29:22","date_gmt":"2024-01-29T10:29:22","guid":{"rendered":"https:\/\/pachnacecynamonem.pl\/?page_id=32"},"modified":"2025-03-26T17:17:53","modified_gmt":"2025-03-26T17:17:53","slug":"cynamonowe-patronaty","status":"publish","type":"page","link":"https:\/\/pachnacecynamonem.pl\/index.php\/cynamonowe-patronaty\/","title":{"rendered":"Cynamonowe Patronaty"},"content":{"rendered":"\n<p>Do tej pory mia\u0142am przyjemno\u015b\u0107 obj\u0105\u0107 patronatami nast\u0119puj\u0105ce tytu\u0142y:<\/p>\n\n\n\n<div class=\"wp-block-query is-layout-flow wp-block-query-is-layout-flow\"><ul class=\"columns-3 wp-block-post-template is-layout-grid wp-container-core-post-template-is-layout-6d3fbd8f wp-block-post-template-is-layout-grid\"><li class=\"wp-block-post post-837 post type-post status-publish format-standard has-post-thumbnail hentry category-patronat\">\n<figure class=\"wp-block-post-featured-image\"><img loading=\"lazy\" decoding=\"async\" width=\"188\" height=\"268\" src=\"https:\/\/pachnacecynamonem.pl\/wp-content\/uploads\/2026\/03\/images.jpg\" class=\"attachment-post-thumbnail size-post-thumbnail wp-post-image\" alt=\"\" style=\"object-fit:cover;\" \/><\/figure>\n\n<div class=\"entry-content wp-block-post-content is-layout-flow wp-block-post-content-is-layout-flow\">\n<p class=\"has-text-align-center\"><a href=\"https:\/\/pachnacecynamonem.pl\/index.php\/2026\/03\/18\/hungerstone-kat-dunn\/\">Hungerstone<\/a><\/p>\n<\/div>\n<\/li><li class=\"wp-block-post post-830 post type-post status-publish format-standard has-post-thumbnail hentry category-patronat\">\n<figure class=\"wp-block-post-featured-image\"><img loading=\"lazy\" decoding=\"async\" width=\"803\" height=\"1199\" src=\"https:\/\/pachnacecynamonem.pl\/wp-content\/uploads\/2026\/03\/9788368352764.jpg\" class=\"attachment-post-thumbnail size-post-thumbnail wp-post-image\" alt=\"\" style=\"object-fit:cover;\" srcset=\"https:\/\/pachnacecynamonem.pl\/wp-content\/uploads\/2026\/03\/9788368352764.jpg 803w, https:\/\/pachnacecynamonem.pl\/wp-content\/uploads\/2026\/03\/9788368352764-201x300.jpg 201w, https:\/\/pachnacecynamonem.pl\/wp-content\/uploads\/2026\/03\/9788368352764-686x1024.jpg 686w, https:\/\/pachnacecynamonem.pl\/wp-content\/uploads\/2026\/03\/9788368352764-768x1147.jpg 768w\" sizes=\"auto, (max-width: 803px) 100vw, 803px\" \/><\/figure>\n\n<div class=\"entry-content wp-block-post-content is-layout-flow wp-block-post-content-is-layout-flow\">\n<p class=\"has-text-align-center\"><em><a href=\"https:\/\/pachnacecynamonem.pl\/index.php\/2026\/03\/17\/beta-vulgaris-margie-sarsfield\/\" data-type=\"link\" data-id=\"https:\/\/pachnacecynamonem.pl\/index.php\/2026\/03\/17\/beta-vulgaris-margie-sarsfield\/\">Beta Vulgaris<\/a><\/em><\/p>\n\n\n\n<p><\/p>\n<\/div>\n<\/li><li class=\"wp-block-post post-732 post type-post status-publish format-standard has-post-thumbnail hentry category-patronat\">\n<figure class=\"wp-block-post-featured-image\"><img loading=\"lazy\" decoding=\"async\" width=\"819\" height=\"1200\" src=\"https:\/\/pachnacecynamonem.pl\/wp-content\/uploads\/2025\/11\/co-zeruje-noca-b-iext205246484.jpg\" class=\"attachment-post-thumbnail size-post-thumbnail wp-post-image\" alt=\"\" style=\"object-fit:cover;\" srcset=\"https:\/\/pachnacecynamonem.pl\/wp-content\/uploads\/2025\/11\/co-zeruje-noca-b-iext205246484.jpg 819w, https:\/\/pachnacecynamonem.pl\/wp-content\/uploads\/2025\/11\/co-zeruje-noca-b-iext205246484-205x300.jpg 205w, https:\/\/pachnacecynamonem.pl\/wp-content\/uploads\/2025\/11\/co-zeruje-noca-b-iext205246484-699x1024.jpg 699w, https:\/\/pachnacecynamonem.pl\/wp-content\/uploads\/2025\/11\/co-zeruje-noca-b-iext205246484-768x1125.jpg 768w\" sizes=\"auto, (max-width: 819px) 100vw, 819px\" \/><\/figure>\n\n<div class=\"entry-content wp-block-post-content is-layout-flow wp-block-post-content-is-layout-flow\">\n<p class=\"has-text-align-center\"><a href=\"https:\/\/pachnacecynamonem.pl\/index.php\/2025\/11\/11\/co-zeruje-noca-t-kingfisher\/\" data-type=\"link\" data-id=\"https:\/\/pachnacecynamonem.pl\/index.php\/2025\/11\/11\/co-zeruje-noca-t-kingfisher\/\">Co \u017beruje Noc\u0105<\/a><\/p>\n\n\n\n<p><\/p>\n<\/div>\n<\/li><li class=\"wp-block-post post-718 post type-post status-publish format-standard has-post-thumbnail hentry category-patronat\">\n<figure class=\"wp-block-post-featured-image\"><img loading=\"lazy\" decoding=\"async\" width=\"184\" height=\"275\" src=\"https:\/\/pachnacecynamonem.pl\/wp-content\/uploads\/2025\/10\/images.jpg\" class=\"attachment-post-thumbnail size-post-thumbnail wp-post-image\" alt=\"\" style=\"object-fit:cover;\" \/><\/figure>\n\n<div class=\"entry-content wp-block-post-content is-layout-flow wp-block-post-content-is-layout-flow\">\n<p class=\"has-text-align-center\"><a href=\"https:\/\/pachnacecynamonem.pl\/index.php\/2025\/10\/28\/jagnie-lucy-rose\/\" data-type=\"link\" data-id=\"https:\/\/pachnacecynamonem.pl\/index.php\/2025\/10\/28\/jagnie-lucy-rose\/\">Jagni\u0119<\/a><\/p>\n\n\n\n<p><\/p>\n<\/div>\n<\/li><li class=\"wp-block-post post-699 post type-post status-publish format-standard has-post-thumbnail hentry category-patronat\">\n<figure class=\"wp-block-post-featured-image\"><img loading=\"lazy\" decoding=\"async\" width=\"352\" height=\"500\" src=\"https:\/\/pachnacecynamonem.pl\/wp-content\/uploads\/2025\/09\/1300079-352x500-1.jpg\" class=\"attachment-post-thumbnail size-post-thumbnail wp-post-image\" alt=\"\" style=\"object-fit:cover;\" srcset=\"https:\/\/pachnacecynamonem.pl\/wp-content\/uploads\/2025\/09\/1300079-352x500-1.jpg 352w, https:\/\/pachnacecynamonem.pl\/wp-content\/uploads\/2025\/09\/1300079-352x500-1-211x300.jpg 211w\" sizes=\"auto, (max-width: 352px) 100vw, 352px\" \/><\/figure>\n\n<div class=\"entry-content wp-block-post-content is-layout-flow wp-block-post-content-is-layout-flow\">\n<p class=\"has-text-align-center\"><a href=\"https:\/\/pachnacecynamonem.pl\/index.php\/2025\/09\/23\/niematki-leslie-j-anderson\/\" data-type=\"link\" data-id=\"https:\/\/pachnacecynamonem.pl\/index.php\/2025\/09\/23\/niematki-leslie-j-anderson\/\">Niematki<\/a><\/p>\n\n\n\n<p><\/p>\n<\/div>\n<\/li><li class=\"wp-block-post post-624 post type-post status-publish format-standard has-post-thumbnail hentry category-patronat\">\n<figure class=\"wp-block-post-featured-image\"><img loading=\"lazy\" decoding=\"async\" width=\"352\" height=\"500\" src=\"https:\/\/pachnacecynamonem.pl\/wp-content\/uploads\/2025\/05\/1268272-352x500-1.jpg\" class=\"attachment-post-thumbnail size-post-thumbnail wp-post-image\" alt=\"\" style=\"object-fit:cover;\" srcset=\"https:\/\/pachnacecynamonem.pl\/wp-content\/uploads\/2025\/05\/1268272-352x500-1.jpg 352w, https:\/\/pachnacecynamonem.pl\/wp-content\/uploads\/2025\/05\/1268272-352x500-1-211x300.jpg 211w\" sizes=\"auto, (max-width: 352px) 100vw, 352px\" \/><\/figure>\n\n<div class=\"entry-content wp-block-post-content is-layout-flow wp-block-post-content-is-layout-flow\">\n<p class=\"has-text-align-center\"><a href=\"https:\/\/pachnacecynamonem.pl\/index.php\/2025\/05\/15\/wyrocznia-thomas-olde-heuvelt\/\" data-type=\"link\" data-id=\"https:\/\/pachnacecynamonem.pl\/index.php\/2025\/05\/15\/wyrocznia-thomas-olde-heuvelt\/\">Wyrocznia<\/a><\/p>\n<\/div>\n<\/li><li class=\"wp-block-post post-603 post type-post status-publish format-standard has-post-thumbnail hentry category-patronat\">\n<figure class=\"wp-block-post-featured-image\"><img loading=\"lazy\" decoding=\"async\" width=\"444\" height=\"650\" src=\"https:\/\/pachnacecynamonem.pl\/wp-content\/uploads\/2025\/03\/6999907438369.webp\" class=\"attachment-post-thumbnail size-post-thumbnail wp-post-image\" alt=\"\" style=\"object-fit:cover;\" srcset=\"https:\/\/pachnacecynamonem.pl\/wp-content\/uploads\/2025\/03\/6999907438369.webp 444w, https:\/\/pachnacecynamonem.pl\/wp-content\/uploads\/2025\/03\/6999907438369-205x300.webp 205w\" sizes=\"auto, (max-width: 444px) 100vw, 444px\" \/><\/figure>\n\n<div class=\"entry-content wp-block-post-content is-layout-flow wp-block-post-content-is-layout-flow\">\n<p class=\"has-text-align-center\"><a href=\"https:\/\/pachnacecynamonem.pl\/index.php\/2025\/03\/26\/zaglada-puka-do-drzwi-t-kingfisher\/\" data-type=\"link\" data-id=\"https:\/\/pachnacecynamonem.pl\/index.php\/2025\/03\/26\/zaglada-puka-do-drzwi-t-kingfisher\/\">Zag\u0142ada Puka do Drzwi<\/a><\/p>\n\n\n\n<p><\/p>\n<\/div>\n<\/li><li class=\"wp-block-post post-594 post type-post status-publish format-standard has-post-thumbnail hentry category-patronat\">\n<figure class=\"wp-block-post-featured-image\"><img loading=\"lazy\" decoding=\"async\" width=\"352\" height=\"500\" src=\"https:\/\/pachnacecynamonem.pl\/wp-content\/uploads\/2025\/03\/1251957-352x500-1.jpg\" class=\"attachment-post-thumbnail size-post-thumbnail wp-post-image\" alt=\"\" style=\"object-fit:cover;\" srcset=\"https:\/\/pachnacecynamonem.pl\/wp-content\/uploads\/2025\/03\/1251957-352x500-1.jpg 352w, https:\/\/pachnacecynamonem.pl\/wp-content\/uploads\/2025\/03\/1251957-352x500-1-211x300.jpg 211w\" sizes=\"auto, (max-width: 352px) 100vw, 352px\" \/><\/figure>\n\n<div class=\"entry-content wp-block-post-content is-layout-flow wp-block-post-content-is-layout-flow\">\n<p class=\"has-text-align-center\"><em><a href=\"https:\/\/pachnacecynamonem.pl\/index.php\/2025\/03\/25\/cierniowa-sciezka-a-g-slatter\/\">Cierniowa \u015bcie\u017cka<\/a><\/em><\/p>\n<\/div>\n<\/li><li class=\"wp-block-post post-587 post type-post status-publish format-standard has-post-thumbnail hentry category-patronat\">\n<figure class=\"wp-block-post-featured-image\"><img loading=\"lazy\" decoding=\"async\" width=\"500\" height=\"766\" src=\"https:\/\/pachnacecynamonem.pl\/wp-content\/uploads\/2025\/02\/smierc-miedzy-wierszami-b-iext180001052.jpg\" class=\"attachment-post-thumbnail size-post-thumbnail wp-post-image\" alt=\"\" style=\"object-fit:cover;\" srcset=\"https:\/\/pachnacecynamonem.pl\/wp-content\/uploads\/2025\/02\/smierc-miedzy-wierszami-b-iext180001052.jpg 500w, https:\/\/pachnacecynamonem.pl\/wp-content\/uploads\/2025\/02\/smierc-miedzy-wierszami-b-iext180001052-196x300.jpg 196w\" sizes=\"auto, (max-width: 500px) 100vw, 500px\" \/><\/figure>\n\n<div class=\"entry-content wp-block-post-content is-layout-flow wp-block-post-content-is-layout-flow\">\n<p class=\"has-text-align-center\"><a href=\"https:\/\/pachnacecynamonem.pl\/index.php\/2025\/02\/17\/smierc-miedzy-wierszami-alice-slater\/\" data-type=\"link\" data-id=\"https:\/\/pachnacecynamonem.pl\/index.php\/2025\/02\/17\/smierc-miedzy-wierszami-alice-slater\/\"><em>\u015amier\u0107 mi\u0119dzy wierszami<\/em><\/a><\/p>\n\n\n\n<p><\/p>\n<\/div>\n<\/li><li class=\"wp-block-post post-572 post type-post status-publish format-standard has-post-thumbnail hentry category-patronat\">\n<figure class=\"wp-block-post-featured-image\"><img loading=\"lazy\" decoding=\"async\" width=\"290\" height=\"448\" src=\"https:\/\/pachnacecynamonem.pl\/wp-content\/uploads\/2024\/12\/9788367929370.jpg\" class=\"attachment-post-thumbnail size-post-thumbnail wp-post-image\" alt=\"\" style=\"object-fit:cover;\" srcset=\"https:\/\/pachnacecynamonem.pl\/wp-content\/uploads\/2024\/12\/9788367929370.jpg 290w, https:\/\/pachnacecynamonem.pl\/wp-content\/uploads\/2024\/12\/9788367929370-194x300.jpg 194w\" sizes=\"auto, (max-width: 290px) 100vw, 290px\" \/><\/figure>\n\n<div class=\"entry-content wp-block-post-content is-layout-flow wp-block-post-content-is-layout-flow\">\n<p class=\"has-text-align-center\"><a href=\"https:\/\/pachnacecynamonem.pl\/index.php\/2024\/12\/28\/upierz-paulina-pudlo\/\" data-type=\"link\" data-id=\"https:\/\/pachnacecynamonem.pl\/index.php\/2024\/12\/28\/upierz-paulina-pudlo\/\"><em>Upierz<\/em><\/a><\/p>\n\n\n\n<p><\/p>\n<\/div>\n<\/li><li class=\"wp-block-post post-528 post type-post status-publish format-standard has-post-thumbnail hentry category-patronat\">\n<figure class=\"wp-block-post-featured-image\"><img loading=\"lazy\" decoding=\"async\" width=\"804\" height=\"1200\" src=\"https:\/\/pachnacecynamonem.pl\/wp-content\/uploads\/2024\/09\/lady-makbet-b-iext161465623.jpg\" class=\"attachment-post-thumbnail size-post-thumbnail wp-post-image\" alt=\"\" style=\"object-fit:cover;\" srcset=\"https:\/\/pachnacecynamonem.pl\/wp-content\/uploads\/2024\/09\/lady-makbet-b-iext161465623.jpg 804w, https:\/\/pachnacecynamonem.pl\/wp-content\/uploads\/2024\/09\/lady-makbet-b-iext161465623-201x300.jpg 201w, https:\/\/pachnacecynamonem.pl\/wp-content\/uploads\/2024\/09\/lady-makbet-b-iext161465623-686x1024.jpg 686w, https:\/\/pachnacecynamonem.pl\/wp-content\/uploads\/2024\/09\/lady-makbet-b-iext161465623-768x1146.jpg 768w\" sizes=\"auto, (max-width: 804px) 100vw, 804px\" \/><\/figure>\n\n<div class=\"entry-content wp-block-post-content is-layout-flow wp-block-post-content-is-layout-flow\">\n<p class=\"has-text-align-center\"><a href=\"https:\/\/pachnacecynamonem.pl\/index.php\/2024\/09\/18\/lady-makbet-ava-reid\/\" data-type=\"link\" data-id=\"https:\/\/pachnacecynamonem.pl\/index.php\/2024\/09\/18\/lady-makbet-ava-reid\/\"><em>Lady Makbet<\/em><\/a><\/p>\n\n\n\n<p><\/p>\n<\/div>\n<\/li><li class=\"wp-block-post post-484 post type-post status-publish format-standard has-post-thumbnail hentry category-patronat\">\n<figure class=\"wp-block-post-featured-image\"><img loading=\"lazy\" decoding=\"async\" width=\"500\" height=\"748\" src=\"https:\/\/pachnacecynamonem.pl\/wp-content\/uploads\/2024\/07\/w-pelni-rozkwitajacych-drzew-b-iext157591766-e1720439631415.jpg\" class=\"attachment-post-thumbnail size-post-thumbnail wp-post-image\" alt=\"\" style=\"object-fit:cover;\" \/><\/figure>\n\n<div class=\"entry-content wp-block-post-content is-layout-flow wp-block-post-content-is-layout-flow\">\n<p class=\"has-text-align-center\"><em><a href=\"https:\/\/pachnacecynamonem.pl\/index.php\/2024\/07\/08\/w-pelni-rozkwitajacych-drzew-m-w-jasinska\/\" data-type=\"link\" data-id=\"https:\/\/pachnacecynamonem.pl\/index.php\/2024\/07\/08\/w-pelni-rozkwitajacych-drzew-m-w-jasinska\/\">W Pe\u0142ni Rozkwitaj\u0105cych Drzew<\/a><\/em><\/p>\n<\/div>\n<\/li><li class=\"wp-block-post post-474 post type-post status-publish format-standard has-post-thumbnail hentry category-patronat\">\n<figure class=\"wp-block-post-featured-image\"><img loading=\"lazy\" decoding=\"async\" width=\"527\" height=\"800\" src=\"https:\/\/pachnacecynamonem.pl\/wp-content\/uploads\/2024\/07\/zjawy-i-mary-historie-z-etherton-tom-1-b-iext157115996-1-1.jpg\" class=\"attachment-post-thumbnail size-post-thumbnail wp-post-image\" alt=\"\" style=\"object-fit:cover;\" srcset=\"https:\/\/pachnacecynamonem.pl\/wp-content\/uploads\/2024\/07\/zjawy-i-mary-historie-z-etherton-tom-1-b-iext157115996-1-1.jpg 527w, https:\/\/pachnacecynamonem.pl\/wp-content\/uploads\/2024\/07\/zjawy-i-mary-historie-z-etherton-tom-1-b-iext157115996-1-1-198x300.jpg 198w\" sizes=\"auto, (max-width: 527px) 100vw, 527px\" \/><\/figure>\n\n<div class=\"entry-content wp-block-post-content is-layout-flow wp-block-post-content-is-layout-flow\">\n<p class=\"has-text-align-center\"><a href=\"https:\/\/pachnacecynamonem.pl\/index.php\/2024\/07\/05\/historie-z-etherton-tom-1-zjawy-i-mary\/\" data-type=\"link\" data-id=\"https:\/\/pachnacecynamonem.pl\/index.php\/2024\/07\/05\/historie-z-etherton-tom-1-zjawy-i-mary\/\">Historie z Etherton \u2013 Tom 1<\/a><\/p>\n<\/div>\n<\/li><li class=\"wp-block-post post-387 post type-post status-publish format-standard has-post-thumbnail hentry category-patronat\">\n<figure class=\"wp-block-post-featured-image\"><img loading=\"lazy\" decoding=\"async\" width=\"526\" height=\"800\" src=\"https:\/\/pachnacecynamonem.pl\/wp-content\/uploads\/2024\/04\/dom-pozadania-b-iext151561312.jpg\" class=\"attachment-post-thumbnail size-post-thumbnail wp-post-image\" alt=\"\" style=\"object-fit:cover;\" srcset=\"https:\/\/pachnacecynamonem.pl\/wp-content\/uploads\/2024\/04\/dom-pozadania-b-iext151561312.jpg 526w, https:\/\/pachnacecynamonem.pl\/wp-content\/uploads\/2024\/04\/dom-pozadania-b-iext151561312-197x300.jpg 197w\" sizes=\"auto, (max-width: 526px) 100vw, 526px\" \/><\/figure>\n\n<div class=\"entry-content wp-block-post-content is-layout-flow wp-block-post-content-is-layout-flow\">\n<p class=\"has-text-align-center\"><a href=\"https:\/\/pachnacecynamonem.pl\/index.php\/2024\/04\/07\/dom-pozadania-alexis-henderson\/\" data-type=\"link\" data-id=\"https:\/\/pachnacecynamonem.pl\/index.php\/2024\/04\/07\/dom-pozadania-alexis-henderson\/\">Dom Po\u017c\u0105dania<\/a><\/p>\n<\/div>\n<\/li><li class=\"wp-block-post post-362 post type-post status-publish format-standard has-post-thumbnail hentry category-patronat\">\n<figure class=\"wp-block-post-featured-image\"><img loading=\"lazy\" decoding=\"async\" width=\"352\" height=\"500\" src=\"https:\/\/pachnacecynamonem.pl\/wp-content\/uploads\/2024\/02\/1130896-352x500-2.jpg\" class=\"attachment-post-thumbnail size-post-thumbnail wp-post-image\" alt=\"\" style=\"object-fit:cover;\" srcset=\"https:\/\/pachnacecynamonem.pl\/wp-content\/uploads\/2024\/02\/1130896-352x500-2.jpg 352w, https:\/\/pachnacecynamonem.pl\/wp-content\/uploads\/2024\/02\/1130896-352x500-2-211x300.jpg 211w\" sizes=\"auto, (max-width: 352px) 100vw, 352px\" \/><\/figure>\n\n<div class=\"entry-content wp-block-post-content is-layout-flow wp-block-post-content-is-layout-flow\">\n<p class=\"has-text-align-center\"><a href=\"https:\/\/pachnacecynamonem.pl\/index.php\/2024\/02\/28\/strychnica-marek-zychla\/\" data-type=\"link\" data-id=\"https:\/\/pachnacecynamonem.pl\/index.php\/2024\/02\/28\/strychnica-marek-zychla\/\">Strychnica<\/a><\/p>\n<\/div>\n<\/li><li class=\"wp-block-post post-359 post type-post status-publish format-standard has-post-thumbnail hentry category-patronat\">\n<figure class=\"wp-block-post-featured-image\"><img loading=\"lazy\" decoding=\"async\" width=\"352\" height=\"500\" src=\"https:\/\/pachnacecynamonem.pl\/wp-content\/uploads\/2024\/02\/1117434-352x500-1.jpg\" class=\"attachment-post-thumbnail size-post-thumbnail wp-post-image\" alt=\"\" style=\"object-fit:cover;\" srcset=\"https:\/\/pachnacecynamonem.pl\/wp-content\/uploads\/2024\/02\/1117434-352x500-1.jpg 352w, https:\/\/pachnacecynamonem.pl\/wp-content\/uploads\/2024\/02\/1117434-352x500-1-211x300.jpg 211w\" sizes=\"auto, (max-width: 352px) 100vw, 352px\" \/><\/figure>\n\n<div class=\"entry-content wp-block-post-content is-layout-flow wp-block-post-content-is-layout-flow\">\n<p class=\"has-text-align-center\"><a href=\"https:\/\/pachnacecynamonem.pl\/index.php\/2024\/01\/31\/jak-sprzedac-nawiedzony-dom-grady-hendrix\/\">Jak Sprzeda\u0107 Nawiedzony Dom<\/a><\/p>\n<\/div>\n<\/li><li class=\"wp-block-post post-351 post type-post status-publish format-standard has-post-thumbnail hentry category-patronat\">\n<figure class=\"wp-block-post-featured-image\"><img loading=\"lazy\" decoding=\"async\" width=\"352\" height=\"500\" src=\"https:\/\/pachnacecynamonem.pl\/wp-content\/uploads\/2024\/02\/1116060-352x500-1.jpg\" class=\"attachment-post-thumbnail size-post-thumbnail wp-post-image\" alt=\"\" style=\"object-fit:cover;\" srcset=\"https:\/\/pachnacecynamonem.pl\/wp-content\/uploads\/2024\/02\/1116060-352x500-1.jpg 352w, https:\/\/pachnacecynamonem.pl\/wp-content\/uploads\/2024\/02\/1116060-352x500-1-211x300.jpg 211w\" sizes=\"auto, (max-width: 352px) 100vw, 352px\" \/><\/figure>\n\n<div class=\"entry-content wp-block-post-content is-layout-flow wp-block-post-content-is-layout-flow\">\n<p class=\"has-text-align-center\"><a href=\"https:\/\/pachnacecynamonem.pl\/index.php\/2024\/02\/06\/stacja-marcin-majchrzak\/\"><em>Stacja<\/em><\/a><\/p>\n<\/div>\n<\/li><\/ul><\/div>\n","protected":false},"excerpt":{"rendered":"<p>Do tej pory mia\u0142am przyjemno\u015b\u0107 obj\u0105\u0107 patronatami nast\u0119puj\u0105ce tytu\u0142y:<\/p>\n","protected":false},"author":1,"featured_media":0,"parent":0,"menu_order":0,"comment_status":"closed","ping_status":"closed","template":"","meta":{"_eb_attr":"","footnotes":""},"class_list":["post-32","page","type-page","status-publish","hentry"],"_links":{"self":[{"href":"https:\/\/pachnacecynamonem.pl\/index.php\/wp-json\/wp\/v2\/pages\/32","targetHints":{"allow":["GET"]}}],"collection":[{"href":"https:\/\/pachnacecynamonem.pl\/index.php\/wp-json\/wp\/v2\/pages"}],"about":[{"href":"https:\/\/pachnacecynamonem.pl\/index.php\/wp-json\/wp\/v2\/types\/page"}],"author":[{"embeddable":true,"href":"https:\/\/pachnacecynamonem.pl\/index.php\/wp-json\/wp\/v2\/users\/1"}],"replies":[{"embeddable":true,"href":"https:\/\/pachnacecynamonem.pl\/index.php\/wp-json\/wp\/v2\/comments?post=32"}],"version-history":[{"count":8,"href":"https:\/\/pachnacecynamonem.pl\/index.php\/wp-json\/wp\/v2\/pages\/32\/revisions"}],"predecessor-version":[{"id":612,"href":"https:\/\/pachnacecynamonem.pl\/index.php\/wp-json\/wp\/v2\/pages\/32\/revisions\/612"}],"wp:attachment":[{"href":"https:\/\/pachnacecynamonem.pl\/index.php\/wp-json\/wp\/v2\/media?parent=32"}],"curies":[{"name":"wp","href":"https:\/\/api.w.org\/{rel}","templated":true}]}}